{"id":34,"date":"2026-03-23T13:32:39","date_gmt":"2026-03-23T13:32:39","guid":{"rendered":"https:\/\/auroh.be\/?page_id=34"},"modified":"2026-03-24T15:54:13","modified_gmt":"2026-03-24T15:54:13","slug":"homepage","status":"publish","type":"page","link":"https:\/\/auroh.be\/","title":{"rendered":"AUROH.BE"},"content":{"rendered":"\n<div class=\"wp-block-cover alignfull\" style=\"min-height:100vh;aspect-ratio:unset;\"><img loading=\"lazy\" decoding=\"async\" width=\"1000\" height=\"563\" class=\"wp-block-cover__image-background wp-image-56\" alt=\"\" src=\"https:\/\/auroh.be\/wp-content\/uploads\/2026\/03\/intro-1603975409-4.jpg\" data-object-fit=\"cover\" srcset=\"https:\/\/auroh.be\/wp-content\/uploads\/2026\/03\/intro-1603975409-4.jpg 1000w, https:\/\/auroh.be\/wp-content\/uploads\/2026\/03\/intro-1603975409-4-300x169.jpg 300w\" sizes=\"auto, (max-width: 1000px) 100vw, 1000px\" \/><span aria-hidden=\"true\" class=\"wp-block-cover__background has-primary-background-color has-background-dim\"><\/span><div class=\"wp-block-cover__inner-container has-global-padding is-layout-constrained wp-block-cover-is-layout-constrained\">\n<p class=\"has-text-align-center\" style=\"font-size:clamp(39.538px, 2.471rem + ((1vw - 3.2px) * 3.05), 74px);font-style:normal;font-weight:900;line-height:1.4\"><strong>AUROH<\/strong><\/p>\n\n\n\n<p class=\"has-text-align-center has-white-color has-text-color\" style=\"font-size:clamp(16.834px, 1.052rem + ((1vw - 3.2px) * 0.811), 26px);\"><strong>L&#8217;art de la p\u00e2te autrement.<\/strong><\/p>\n\n\n\n<div style=\"height:55px\" aria-hidden=\"true\" class=\"wp-block-spacer\"><\/div>\n\n\n\n<div class=\"wp-block-buttons is-content-justification-center is-layout-flex wp-container-core-buttons-is-layout-a89b3969 wp-block-buttons-is-layout-flex\"><\/div>\n<\/div><\/div>\n\n\n\n<div class=\"wp-block-group has-global-padding is-layout-constrained wp-block-group-is-layout-constrained\">\n<div style=\"height:57px\" aria-hidden=\"true\" class=\"wp-block-spacer\"><\/div>\n\n\n\n<h2 class=\"wp-block-heading has-text-align-center has-medium-font-size\" style=\"letter-spacing:1px\"><strong>L\u2019excellence artisanale, port\u00e9e par l\u2019humain.<\/strong><\/h2>\n\n\n\n<p class=\"has-text-align-center\">Des p\u00e2tes authentiques, locales et engag\u00e9es,<br>cr\u00e9\u00e9es avec passion en Wallonie picarde.<\/p>\n\n\n\n<div class=\"wp-block-buttons is-horizontal is-content-justification-center is-layout-flex wp-container-core-buttons-is-layout-03627597 wp-block-buttons-is-layout-flex\">\n<div class=\"wp-block-button is-style-outline is-style-outline--1\"><a class=\"wp-block-button__link has-small-font-size has-custom-font-size wp-element-button\" href=\"https:\/\/auroh.be\/index.php\/about\/\" style=\"border-radius:0px\">ABOUT US<\/a><\/div>\n<\/div>\n\n\n\n<div style=\"height:57px\" aria-hidden=\"true\" class=\"wp-block-spacer\"><\/div>\n<\/div>\n\n\n\n<hr class=\"wp-block-separator has-text-color has-foreground-color has-alpha-channel-opacity has-foreground-background-color has-background is-style-wide\" style=\"margin-top:var(--wp--preset--spacing--x-small);margin-bottom:var(--wp--preset--spacing--x-small)\"\/>\n\n\n\n<div id=\"services\" class=\"wp-block-group alignfull pattern_multiple_covers has-background has-global-padding is-layout-constrained wp-block-group-is-layout-constrained\">\n<div style=\"margin-top:var(--wp--preset--spacing--x-small);margin-bottom:var(--wp--preset--spacing--x-small);height:0px\" aria-hidden=\"true\" class=\"wp-block-spacer\"><\/div>\n\n\n\n<p class=\"has-text-align-left has-text-color has-link-color wp-elements-bbad4c560c434de374194788c1e1476f\" style=\"color:#d4af37;letter-spacing:1px\">LET&#8217;S WORK TOGETHER!<\/p>\n\n\n\n<h2 class=\"wp-block-heading has-text-align-left\">Notre engagement<\/h2>\n\n\n\n<p class=\"has-text-align-left\"><strong>Des p\u00e2tes artisanales, locales et engag\u00e9es.<\/strong><\/p>\n\n\n\n<p>Chez AUROH, nous cr\u00e9ons des p\u00e2tes s\u00e8ches en Wallonie picarde, en alliant savoir-faire traditionnel et innovation.<\/p>\n\n\n\n<p class=\"has-text-align-left\">Chaque produit est r\u00e9alis\u00e9 avec soin,<br>en collaboration avec une entreprise de travail adapt\u00e9, pla\u00e7ant l\u2019humain au c\u0153ur de notre d\u00e9marche.<\/p>\n\n\n\n<div style=\"height:46px\" aria-hidden=\"true\" class=\"wp-block-spacer\"><\/div>\n\n\n\n<div class=\"wp-block-columns is-layout-flex wp-container-core-columns-is-layout-28f84493 wp-block-columns-is-layout-flex\">\n<div class=\"wp-block-column is-layout-flow wp-block-column-is-layout-flow\" style=\"padding-top:0;padding-right:0;padding-bottom:0;padding-left:0\">\n<div class=\"wp-block-cover has-custom-content-position is-position-bottom-left\" style=\"padding-top:var(--wp--preset--spacing--small);padding-right:var(--wp--preset--spacing--x-small);padding-bottom:var(--wp--preset--spacing--small);padding-left:var(--wp--preset--spacing--x-small)\"><img loading=\"lazy\" decoding=\"async\" width=\"1000\" height=\"563\" class=\"wp-block-cover__image-background wp-image-41 size-full\" alt=\"\" src=\"http:\/\/auroh.be\/wp-content\/uploads\/2026\/03\/intro-1603975409-3.jpg\" data-object-fit=\"cover\" srcset=\"https:\/\/auroh.be\/wp-content\/uploads\/2026\/03\/intro-1603975409-3.jpg 1000w, https:\/\/auroh.be\/wp-content\/uploads\/2026\/03\/intro-1603975409-3-300x169.jpg 300w\" sizes=\"auto, (max-width: 1000px) 100vw, 1000px\" \/><span aria-hidden=\"true\" class=\"wp-block-cover__background has-primary-background-color has-background-dim-70 has-background-dim\"><\/span><div class=\"wp-block-cover__inner-container is-layout-flow wp-block-cover-is-layout-flow\">\n<h3 class=\"wp-block-heading has-white-color has-text-color has-medium-font-size\" style=\"margin-top:0;margin-right:0;margin-bottom:0;margin-left:0\">Nos Radiatori<br>Production<\/h3>\n<\/div><\/div>\n<\/div>\n\n\n\n<div class=\"wp-block-column is-layout-flow wp-block-column-is-layout-flow\" style=\"padding-top:0;padding-right:0;padding-bottom:0;padding-left:0\">\n<div class=\"wp-block-cover has-custom-content-position is-position-bottom-left\" style=\"padding-top:var(--wp--preset--spacing--small);padding-right:var(--wp--preset--spacing--x-small);padding-bottom:var(--wp--preset--spacing--small);padding-left:var(--wp--preset--spacing--x-small)\"><img loading=\"lazy\" decoding=\"async\" width=\"800\" height=\"800\" class=\"wp-block-cover__image-background wp-image-53 size-full\" alt=\"\" src=\"https:\/\/auroh.be\/wp-content\/uploads\/2026\/03\/cretes-de-coq-nature-fraiches.jpg\" data-object-fit=\"cover\" srcset=\"https:\/\/auroh.be\/wp-content\/uploads\/2026\/03\/cretes-de-coq-nature-fraiches.jpg 800w, https:\/\/auroh.be\/wp-content\/uploads\/2026\/03\/cretes-de-coq-nature-fraiches-300x300.jpg 300w, https:\/\/auroh.be\/wp-content\/uploads\/2026\/03\/cretes-de-coq-nature-fraiches-150x150.jpg 150w\" sizes=\"auto, (max-width: 800px) 100vw, 800px\" \/><span aria-hidden=\"true\" class=\"wp-block-cover__background has-primary-background-color has-background-dim-70 has-background-dim\"><\/span><div class=\"wp-block-cover__inner-container is-layout-flow wp-block-cover-is-layout-flow\">\n<h3 class=\"wp-block-heading has-white-color has-text-color has-medium-font-size\" style=\"margin-top:0;margin-right:0;margin-bottom:0;margin-left:0\">Nos cr\u00eates de coq<br><\/h3>\n<\/div><\/div>\n<\/div>\n\n\n\n<div class=\"wp-block-column is-layout-flow wp-block-column-is-layout-flow\" style=\"padding-top:0;padding-right:0;padding-bottom:0;padding-left:0\">\n<div class=\"wp-block-cover has-custom-content-position is-position-bottom-left\" style=\"padding-top:var(--wp--preset--spacing--small);padding-right:var(--wp--preset--spacing--x-small);padding-bottom:var(--wp--preset--spacing--small);padding-left:var(--wp--preset--spacing--x-small)\"><img loading=\"lazy\" decoding=\"async\" width=\"600\" height=\"420\" class=\"wp-block-cover__image-background wp-image-54 size-full\" alt=\"\" src=\"https:\/\/auroh.be\/wp-content\/uploads\/2026\/03\/trafilatura.jpg\" data-object-fit=\"cover\" srcset=\"https:\/\/auroh.be\/wp-content\/uploads\/2026\/03\/trafilatura.jpg 600w, https:\/\/auroh.be\/wp-content\/uploads\/2026\/03\/trafilatura-300x210.jpg 300w\" sizes=\"auto, (max-width: 600px) 100vw, 600px\" \/><span aria-hidden=\"true\" class=\"wp-block-cover__background has-primary-background-color has-background-dim-70 has-background-dim\"><\/span><div class=\"wp-block-cover__inner-container is-layout-flow wp-block-cover-is-layout-flow\">\n<h3 class=\"wp-block-heading has-white-color has-text-color has-medium-font-size\" style=\"margin-top:0;margin-right:0;margin-bottom:0;margin-left:0\">N\u00e9e du BRONZE<br><\/h3>\n<\/div><\/div>\n<\/div>\n<\/div>\n\n\n\n<div style=\"height:103px\" aria-hidden=\"true\" class=\"wp-block-spacer\"><\/div>\n<\/div>\n\n\n\n<hr class=\"wp-block-separator has-text-color has-primary-color has-alpha-channel-opacity has-primary-background-color has-background is-style-wide\" style=\"margin-top:0;margin-bottom:0\"\/>\n\n\n\n<div class=\"wp-block-group alignfull has-foreground-color has-text-color has-link-color wp-elements-2ed3e8784bddf9d0c0ca3541cb020cc8 has-global-padding is-layout-constrained wp-block-group-is-layout-constrained\">\n<div class=\"wp-block-group has-global-padding is-layout-constrained wp-block-group-is-layout-constrained\" style=\"padding-top:var(--wp--preset--spacing--small);padding-bottom:var(--wp--preset--spacing--small)\">\n<div class=\"wp-block-columns is-layout-flex wp-container-core-columns-is-layout-c375d253 wp-block-columns-is-layout-flex\">\n<div class=\"wp-block-column is-vertically-aligned-center is-layout-flow wp-block-column-is-layout-flow\">\n<h2 class=\"wp-block-heading has-medium-font-size\" style=\"text-transform:uppercase\">nos valeurs<\/h2>\n\n\n\n<pre id=\"tw-target-text\" class=\"wp-block-preformatted\">Chez AUROH, nous cr\u00e9ons des p\u00e2tes artisanales qui respectent les producteurs, valorisent l\u2019humain et c\u00e9l\u00e8brent le go\u00fbt.<br><br>Une alliance entre tradition et innovation,<br>port\u00e9e par une \u00e9quipe engag\u00e9e et inclusive.<\/pre>\n\n\n\n<div class=\"wp-block-buttons is-horizontal is-content-justification-left is-layout-flex wp-container-core-buttons-is-layout-20be11b6 wp-block-buttons-is-layout-flex\">\n<div class=\"wp-block-button is-style-outline is-style-outline--2\"><a class=\"wp-block-button__link wp-element-button\" href=\"https:\/\/auroh.be\/index.php\/about\/\" style=\"border-radius:0px\">ABOUT US<\/a><\/div>\n<\/div>\n\n\n\n<p><\/p>\n<\/div>\n\n\n\n<div class=\"wp-block-column is-layout-flow wp-block-column-is-layout-flow\">\n<figure class=\"wp-block-image size-full\"><img loading=\"lazy\" decoding=\"async\" width=\"600\" height=\"400\" src=\"https:\/\/auroh.be\/wp-content\/uploads\/2026\/03\/pates-radiatori2.webp\" alt=\"\" class=\"wp-image-55\" srcset=\"https:\/\/auroh.be\/wp-content\/uploads\/2026\/03\/pates-radiatori2.webp 600w, https:\/\/auroh.be\/wp-content\/uploads\/2026\/03\/pates-radiatori2-300x200.webp 300w\" sizes=\"auto, (max-width: 600px) 100vw, 600px\" \/><\/figure>\n<\/div>\n<\/div>\n\n\n\n<div style=\"height:30px\" aria-hidden=\"true\" class=\"wp-block-spacer\"><\/div>\n<\/div>\n<\/div>\n\n\n\n<hr class=\"wp-block-separator has-text-color has-primary-color has-alpha-channel-opacity has-primary-background-color has-background is-style-wide\"\/>\n\n\n\n<div class=\"wp-block-group has-global-padding is-layout-constrained wp-block-group-is-layout-constrained\" style=\"padding-top:var(--wp--preset--spacing--small);padding-bottom:var(--wp--preset--spacing--small)\">\n<div class=\"wp-block-columns are-vertically-aligned-center is-layout-flex wp-container-core-columns-is-layout-c375d253 wp-block-columns-is-layout-flex\">\n<div class=\"wp-block-column is-vertically-aligned-center is-layout-flow wp-block-column-is-layout-flow\">\n<figure class=\"wp-block-image size-large\"><img loading=\"lazy\" decoding=\"async\" width=\"1024\" height=\"544\" src=\"https:\/\/auroh.be\/wp-content\/uploads\/2026\/03\/vpasta-video-1024x544.jpg\" alt=\"\" class=\"wp-image-57\" srcset=\"https:\/\/auroh.be\/wp-content\/uploads\/2026\/03\/vpasta-video-1024x544.jpg 1024w, https:\/\/auroh.be\/wp-content\/uploads\/2026\/03\/vpasta-video-300x159.jpg 300w, https:\/\/auroh.be\/wp-content\/uploads\/2026\/03\/vpasta-video.jpg 1596w\" sizes=\"auto, (max-width: 1024px) 100vw, 1024px\" \/><\/figure>\n<\/div>\n\n\n\n<div class=\"wp-block-column is-vertically-aligned-center is-layout-flow wp-block-column-is-layout-flow\">\n<h2 class=\"wp-block-heading has-medium-font-size\" style=\"text-transform:uppercase\"><strong>une fabrication artisanale d\u2019exception.<\/strong><\/h2>\n\n\n\n<p>Nos p\u00e2tes sont extrud\u00e9es \u00e0 travers des moules en bronze, leur donnant une structure authentique, qui favorise l\u2019accroche des sauces.<\/p>\n\n\n\n<p>Un s\u00e9chage lent et contr\u00f4l\u00e9 vient ensuite r\u00e9v\u00e9ler pleinement leurs ar\u00f4mes<br>et assurer une tenue parfaite \u00e0 la cuisson.<\/p>\n<\/div>\n<\/div>\n<\/div>\n\n\n\n<div class=\"wp-block-cover alignfull is-repeated is-position-center-center has-medium-font-size\" style=\"border-radius:0px;min-height:439px;aspect-ratio:unset;\"><div class=\"wp-block-cover__image-background wp-image-163 size-full is-repeated\" style=\"background-position:49% 50%;background-image:url(https:\/\/auroh.be\/wp-content\/uploads\/2026\/03\/Design-sans-titre.png)\"><\/div><span aria-hidden=\"true\" class=\"wp-block-cover__background has-black-background-color has-background-dim-0 has-background-dim\"><\/span><div class=\"wp-block-cover__inner-container is-layout-flow wp-block-cover-is-layout-flow\">\n<p><\/p>\n<\/div><\/div>\n","protected":false},"excerpt":{"rendered":"<p>L\u2019excellence artisanale, port\u00e9e par l\u2019humain. Des p\u00e2tes authentiques, locales et engag\u00e9es,cr\u00e9\u00e9es avec passion en Wallonie picarde. LET&#8217;S WORK TOGETHER! Notre engagement Des p\u00e2tes artisanales, locales et engag\u00e9es. Chez AUROH, nous cr\u00e9ons des p\u00e2tes s\u00e8ches en Wallonie picarde, en alliant savoir-faire traditionnel et innovation. Chaque produit est r\u00e9alis\u00e9 avec soin,en collaboration avec une entreprise de travail &hellip; <\/p>\n<p class=\"link-more\"><a href=\"https:\/\/auroh.be\/\" class=\"more-link\">Read more<span class=\"screen-reader-text\"> &#8220;AUROH.BE&#8221;<\/span><\/a><\/p>\n","protected":false},"author":1,"featured_media":0,"parent":0,"menu_order":0,"comment_status":"closed","ping_status":"closed","template":"page-templates\/homepage-builder-bb.php","meta":{"inspiro_hide_title":true,"footnotes":""},"class_list":["post-34","page","type-page","status-publish","hentry"],"_links":{"self":[{"href":"https:\/\/auroh.be\/index.php\/wp-json\/wp\/v2\/pages\/34","targetHints":{"allow":["GET"]}}],"collection":[{"href":"https:\/\/auroh.be\/index.php\/wp-json\/wp\/v2\/pages"}],"about":[{"href":"https:\/\/auroh.be\/index.php\/wp-json\/wp\/v2\/types\/page"}],"author":[{"embeddable":true,"href":"https:\/\/auroh.be\/index.php\/wp-json\/wp\/v2\/users\/1"}],"replies":[{"embeddable":true,"href":"https:\/\/auroh.be\/index.php\/wp-json\/wp\/v2\/comments?post=34"}],"version-history":[{"count":50,"href":"https:\/\/auroh.be\/index.php\/wp-json\/wp\/v2\/pages\/34\/revisions"}],"predecessor-version":[{"id":191,"href":"https:\/\/auroh.be\/index.php\/wp-json\/wp\/v2\/pages\/34\/revisions\/191"}],"wp:attachment":[{"href":"https:\/\/auroh.be\/index.php\/wp-json\/wp\/v2\/media?parent=34"}],"curies":[{"name":"wp","href":"https:\/\/api.w.org\/{rel}","templated":true}]}}