{"id":126,"date":"2026-03-23T18:18:21","date_gmt":"2026-03-23T18:18:21","guid":{"rendered":"https:\/\/auroh.be\/?page_id=126"},"modified":"2026-03-24T14:34:43","modified_gmt":"2026-03-24T14:34:43","slug":"recettes-et-infos","status":"publish","type":"page","link":"https:\/\/auroh.be\/index.php\/recettes-et-infos\/","title":{"rendered":"Recettes et Infos"},"content":{"rendered":"\n<div class=\"wp-block-cover alignfull\" style=\"padding-top:200px;padding-bottom:100px;min-height:50px;aspect-ratio:unset;\"><img loading=\"lazy\" decoding=\"async\" width=\"1000\" height=\"1000\" class=\"wp-block-cover__image-background wp-image-117 size-full\" alt=\"\" src=\"https:\/\/auroh.be\/wp-content\/uploads\/2026\/03\/Radiatori-1.webp\" style=\"object-position:88% 49%\" data-object-fit=\"cover\" data-object-position=\"88% 49%\" srcset=\"https:\/\/auroh.be\/wp-content\/uploads\/2026\/03\/Radiatori-1.webp 1000w, https:\/\/auroh.be\/wp-content\/uploads\/2026\/03\/Radiatori-1-300x300.webp 300w, https:\/\/auroh.be\/wp-content\/uploads\/2026\/03\/Radiatori-1-150x150.webp 150w\" sizes=\"auto, (max-width: 1000px) 100vw, 1000px\" \/><span aria-hidden=\"true\" class=\"wp-block-cover__background has-background-dim-20 has-background-dim\" style=\"background-color:#96755c\"><\/span><div class=\"wp-block-cover__inner-container has-global-padding is-layout-constrained wp-container-core-cover-is-layout-6d4063e3 wp-block-cover-is-layout-constrained\">\n<h1 class=\"wp-block-heading has-text-align-center has-text-color has-bayon-font-family\" style=\"color:#ffffff;font-size:clamp(33.419px, 2.089rem + ((1vw - 3.2px) * 2.352), 60px);text-transform:uppercase\">Pasta Perfection<\/h1>\n<\/div><\/div>\n\n\n\n<div class=\"wp-block-group alignfull has-global-padding is-layout-constrained wp-container-core-group-is-layout-cde68871 wp-block-group-is-layout-constrained\" style=\"margin-top:0;margin-bottom:0;padding-top:100px;padding-right:20px;padding-left:20px\">\n<h2 class=\"wp-block-heading has-text-align-left has-text-color has-bayon-font-family\" style=\"color:#343534;padding-bottom:10px;font-size:clamp(26.465px, 1.654rem + ((1vw - 3.2px) * 1.64), 45px);letter-spacing:2px;text-transform:uppercase\">\u00c0 table avec AUROH<\/h2>\n\n\n\n<div class=\"wp-block-columns alignwide is-layout-flex wp-container-core-columns-is-layout-7e14f9d5 wp-block-columns-is-layout-flex\" style=\"margin-bottom:100px\">\n<div class=\"wp-block-column is-layout-flow wp-container-core-column-is-layout-b15f4bf2 wp-block-column-is-layout-flow\">\n<figure class=\"wp-block-image aligncenter size-full has-custom-border\"><img loading=\"lazy\" decoding=\"async\" width=\"1200\" height=\"800\" src=\"https:\/\/auroh.be\/wp-content\/uploads\/2026\/03\/recette-pates-au-saumon.webp\" alt=\"\" class=\"wp-image-116\" style=\"border-radius:10px;aspect-ratio:1.2411347517730495;object-fit:cover\" srcset=\"https:\/\/auroh.be\/wp-content\/uploads\/2026\/03\/recette-pates-au-saumon.webp 1200w, https:\/\/auroh.be\/wp-content\/uploads\/2026\/03\/recette-pates-au-saumon-300x200.webp 300w, https:\/\/auroh.be\/wp-content\/uploads\/2026\/03\/recette-pates-au-saumon-1024x683.webp 1024w\" sizes=\"auto, (max-width: 1200px) 100vw, 1200px\" \/><\/figure>\n\n\n\n<h2 class=\"wp-block-heading has-text-align-center has-text-color has-bayon-font-family\" style=\"color:#343534;padding-top:30px;padding-bottom:10px;font-size:clamp(14px, 0.875rem + ((1vw - 3.2px) * 0.354), 18px);text-transform:uppercase\">Radiatori AUROH aux deux saumons<\/h2>\n\n\n\n<h2 class=\"wp-block-heading has-text-align-center has-text-color has-bayon-font-family\" style=\"color:#d4af37;padding-bottom:10px;font-size:clamp(14px, 0.875rem + ((1vw - 3.2px) * 0.531), 20px);text-transform:uppercase\">auroh salmon<\/h2>\n\n\n\n<p class=\"has-text-align-center has-text-color has-poppins-font-family\" style=\"color:#000000;padding-top:10px;padding-right:15px;padding-left:15px;font-size:clamp(14px, 0.875rem + ((1vw - 3.2px) * 0.088), 15px);\">Une recette cr\u00e9meuse et raffin\u00e9e, id\u00e9ale pour sublimer les radiatori AUROH.<\/p>\n<\/div>\n\n\n\n<div class=\"wp-block-column is-layout-flow wp-container-core-column-is-layout-b15f4bf2 wp-block-column-is-layout-flow\">\n<figure class=\"wp-block-image aligncenter size-full has-custom-border\"><img loading=\"lazy\" decoding=\"async\" width=\"1440\" height=\"1440\" src=\"https:\/\/auroh.be\/wp-content\/uploads\/2026\/03\/464401919_18465301186062563_8956456580573213578_n.jpg\" alt=\"\" class=\"wp-image-118\" style=\"border-radius:10px;aspect-ratio:1.2411347517730495;object-fit:cover\" srcset=\"https:\/\/auroh.be\/wp-content\/uploads\/2026\/03\/464401919_18465301186062563_8956456580573213578_n.jpg 1440w, https:\/\/auroh.be\/wp-content\/uploads\/2026\/03\/464401919_18465301186062563_8956456580573213578_n-300x300.jpg 300w, https:\/\/auroh.be\/wp-content\/uploads\/2026\/03\/464401919_18465301186062563_8956456580573213578_n-1024x1024.jpg 1024w, https:\/\/auroh.be\/wp-content\/uploads\/2026\/03\/464401919_18465301186062563_8956456580573213578_n-150x150.jpg 150w\" sizes=\"auto, (max-width: 1440px) 100vw, 1440px\" \/><\/figure>\n\n\n\n<h2 class=\"wp-block-heading has-text-align-center has-text-color has-bayon-font-family\" style=\"color:#343534;padding-top:30px;padding-bottom:10px;font-size:clamp(14px, 0.875rem + ((1vw - 3.2px) * 0.265), 17px);text-transform:uppercase\">radiatori auroh <strong>Rag\u00f9 alla bolognese<\/strong><\/h2>\n\n\n\n<h2 class=\"wp-block-heading has-text-align-center has-text-color has-bayon-font-family\" style=\"color:#d4af37;padding-bottom:10px;font-size:clamp(14px, 0.875rem + ((1vw - 3.2px) * 0.531), 20px);text-transform:uppercase\">auroh rag\u00f9<\/h2>\n\n\n\n<p class=\"has-text-align-center has-text-color has-poppins-font-family\" style=\"color:#000000;padding-top:10px;padding-right:15px;padding-left:15px;font-size:clamp(14px, 0.875rem + ((1vw - 3.2px) * 0.088), 15px);\">Un rag\u00f9 riche et savoureux, mijot\u00e9 pour r\u00e9v\u00e9ler toute la texture des radiatori AUROH.<\/p>\n\n\n\n<div class=\"wp-block-buttons is-content-justification-center is-layout-flex wp-container-core-buttons-is-layout-c7f24753 wp-block-buttons-is-layout-flex\" style=\"margin-top:20px\"><\/div>\n<\/div>\n\n\n\n<div class=\"wp-block-column is-layout-flow wp-container-core-column-is-layout-b15f4bf2 wp-block-column-is-layout-flow\">\n<figure class=\"wp-block-image aligncenter size-full has-custom-border\"><img loading=\"lazy\" decoding=\"async\" width=\"1143\" height=\"1298\" src=\"https:\/\/auroh.be\/wp-content\/uploads\/2026\/03\/821afec8-5ac1-4199-b31a-cd527954e7db.jpg\" alt=\"\" class=\"wp-image-119\" style=\"border-radius:10px;aspect-ratio:1.2411347517730495;object-fit:cover\" srcset=\"https:\/\/auroh.be\/wp-content\/uploads\/2026\/03\/821afec8-5ac1-4199-b31a-cd527954e7db.jpg 1143w, https:\/\/auroh.be\/wp-content\/uploads\/2026\/03\/821afec8-5ac1-4199-b31a-cd527954e7db-264x300.jpg 264w, https:\/\/auroh.be\/wp-content\/uploads\/2026\/03\/821afec8-5ac1-4199-b31a-cd527954e7db-902x1024.jpg 902w\" sizes=\"auto, (max-width: 1143px) 100vw, 1143px\" \/><\/figure>\n\n\n\n<h2 class=\"wp-block-heading has-text-align-center has-text-color has-bayon-font-family\" style=\"color:#343534;padding-top:30px;padding-bottom:10px;font-size:clamp(14px, 0.875rem + ((1vw - 3.2px) * 0.354), 18px);text-transform:uppercase\">Radiatori AUROH aux courgettes<\/h2>\n\n\n\n<h2 class=\"wp-block-heading has-text-align-center has-text-color has-bayon-font-family\" style=\"color:#d4af37;padding-bottom:10px;font-size:clamp(14px, 0.875rem + ((1vw - 3.2px) * 0.531), 20px);text-transform:uppercase\">auroh courgette<\/h2>\n\n\n\n<p class=\"has-text-align-center\">Une recette l\u00e9g\u00e8re et savoureuse, qui met en valeur la finesse des radiatori AUROH.<\/p>\n\n\n\n<div class=\"wp-block-buttons is-content-justification-center is-layout-flex wp-container-core-buttons-is-layout-c7f24753 wp-block-buttons-is-layout-flex\" style=\"margin-top:20px\"><\/div>\n<\/div>\n<\/div>\n\n\n\n<hr class=\"wp-block-separator has-text-color has-alpha-channel-opacity has-background is-style-wide\" style=\"margin-top:0px;margin-bottom:0px;background-color:#d2d6d5;color:#d2d6d5\"\/>\n<\/div>\n\n\n\n<div class=\"wp-block-group alignfull has-global-padding is-layout-constrained wp-container-core-group-is-layout-cde68871 wp-block-group-is-layout-constrained\" style=\"margin-top:0;margin-bottom:0;padding-top:100px;padding-right:20px;padding-left:20px\">\n<h2 class=\"wp-block-heading has-text-align-left has-text-color has-bayon-font-family\" style=\"color:#343534;padding-bottom:10px;font-size:clamp(26.465px, 1.654rem + ((1vw - 3.2px) * 1.64), 45px);letter-spacing:2px;text-transform:uppercase\">AUROH cuisson id\u00e9al<\/h2>\n\n\n\n<div class=\"wp-block-columns are-vertically-aligned-top is-layout-flex wp-container-core-columns-is-layout-7e14f9d5 wp-block-columns-is-layout-flex\" style=\"margin-bottom:100px\">\n<div class=\"wp-block-column is-vertically-aligned-top is-layout-flow wp-container-core-column-is-layout-b15f4bf2 wp-block-column-is-layout-flow\">\n<h2 class=\"wp-block-heading has-text-align-center has-text-color has-bayon-font-family\" style=\"color:#d4af37;padding-bottom:10px;font-size:clamp(14px, 0.875rem + ((1vw - 3.2px) * 0.531), 20px);text-transform:uppercase\"><strong>Une cuisson ma\u00eetris\u00e9e pour un r\u00e9sultat parfait.<\/strong><\/h2>\n\n\n\n<p>Les p\u00e2tes <strong>AUROH <\/strong>offrent une texture id\u00e9ale<br>avec un temps de cuisson compris entre <strong>4 et 6 minutes<\/strong>, selon vos pr\u00e9f\u00e9rences.<\/p>\n\n\n\n<p>Pour une cuisson al dente, privil\u00e9giez un temps plus court.<br>Pour une texture plus fondante, prolongez l\u00e9g\u00e8rement la cuisson.<\/p>\n\n\n\n<div class=\"wp-block-buttons is-content-justification-center is-layout-flex wp-container-core-buttons-is-layout-c7f24753 wp-block-buttons-is-layout-flex\" style=\"margin-top:20px\"><\/div>\n\n\n\n<p class=\"has-text-align-center has-text-color has-poppins-font-family\" style=\"color:#000000;padding-top:10px;padding-right:15px;padding-left:15px;font-size:clamp(14px, 0.875rem + ((1vw - 3.2px) * 0.088), 15px);\"><\/p>\n<\/div>\n\n\n\n<div class=\"wp-block-column is-vertically-aligned-top is-layout-flow wp-container-core-column-is-layout-b15f4bf2 wp-block-column-is-layout-flow\">\n<figure class=\"wp-block-image size-large is-resized has-custom-border\"><img loading=\"lazy\" decoding=\"async\" width=\"768\" height=\"1024\" src=\"https:\/\/auroh.be\/wp-content\/uploads\/2026\/03\/IMG_8654-1-768x1024.jpeg\" alt=\"\" class=\"wp-image-120\" style=\"border-radius:10px;aspect-ratio:0.750009931275573;width:357px;height:auto\" srcset=\"https:\/\/auroh.be\/wp-content\/uploads\/2026\/03\/IMG_8654-1-768x1024.jpeg 768w, https:\/\/auroh.be\/wp-content\/uploads\/2026\/03\/IMG_8654-1-225x300.jpeg 225w, https:\/\/auroh.be\/wp-content\/uploads\/2026\/03\/IMG_8654-1-2000x2667.jpeg 2000w, https:\/\/auroh.be\/wp-content\/uploads\/2026\/03\/IMG_8654-1-scaled.jpeg 1920w\" sizes=\"auto, (max-width: 768px) 100vw, 768px\" \/><\/figure>\n<\/div>\n<\/div>\n\n\n\n<hr class=\"wp-block-separator has-text-color has-alpha-channel-opacity has-background is-style-wide\" style=\"margin-top:0px;margin-bottom:0px;background-color:#d2d6d5;color:#d2d6d5\"\/>\n<\/div>\n\n\n\n<div class=\"wp-block-group alignfull has-global-padding is-layout-constrained wp-container-core-group-is-layout-cde68871 wp-block-group-is-layout-constrained\" style=\"margin-top:0;margin-bottom:0;padding-top:100px;padding-right:20px;padding-left:20px\">\n<h2 class=\"wp-block-heading has-text-align-left has-text-color has-bayon-font-family\" style=\"color:#343534;padding-bottom:10px;font-size:clamp(26.465px, 1.654rem + ((1vw - 3.2px) * 1.64), 45px);letter-spacing:2px;text-transform:uppercase\">L\u2019exp\u00e9rience AUROH pr\u00e8s de chez vous<\/h2>\n\n\n\n<div class=\"wp-block-columns alignwide are-vertically-aligned-top is-layout-flex wp-container-core-columns-is-layout-7e14f9d5 wp-block-columns-is-layout-flex\" style=\"margin-bottom:100px\">\n<div class=\"wp-block-column is-vertically-aligned-top is-layout-flow wp-container-core-column-is-layout-b15f4bf2 wp-block-column-is-layout-flow\">\n<p class=\"has-text-color has-link-color wp-elements-b4dcd2e33a0223f39502ada23ca2365c\" style=\"color:#d4af37\"><strong>Retrouvez AUROH pr\u00e8s de chez vous.<\/strong><\/p>\n\n\n\n<figure class=\"wp-block-image alignright size-large is-resized\"><img loading=\"lazy\" decoding=\"async\" width=\"1024\" height=\"684\" src=\"https:\/\/auroh.be\/wp-content\/uploads\/2026\/03\/Delhaize-supermarkt-1024x684.jpg\" alt=\"\" class=\"wp-image-122\" style=\"aspect-ratio:1.4971065286494416;width:519px;height:auto\" srcset=\"https:\/\/auroh.be\/wp-content\/uploads\/2026\/03\/Delhaize-supermarkt-1024x684.jpg 1024w, https:\/\/auroh.be\/wp-content\/uploads\/2026\/03\/Delhaize-supermarkt-300x200.jpg 300w, https:\/\/auroh.be\/wp-content\/uploads\/2026\/03\/Delhaize-supermarkt.jpg 1772w\" sizes=\"auto, (max-width: 1024px) 100vw, 1024px\" \/><\/figure>\n\n\n\n<p>Nos p\u00e2tes artisanales sont aujourd\u2019hui propos\u00e9es<br>chez <strong>Delhaize Ath<\/strong>,<br>et bient\u00f4t dans d\u2019autres points de vente.<\/p>\n\n\n\n<p>Une pr\u00e9sence locale, fid\u00e8le \u00e0 notre engagement.<\/p>\n<\/div>\n<\/div>\n<\/div>\n","protected":false},"excerpt":{"rendered":"<p>\u00c0 table avec AUROH Radiatori AUROH aux deux saumons auroh salmon Une recette cr\u00e9meuse et raffin\u00e9e, id\u00e9ale pour sublimer les radiatori AUROH. radiatori auroh Rag\u00f9 alla bolognese auroh rag\u00f9 Un rag\u00f9 riche et savoureux, mijot\u00e9 pour r\u00e9v\u00e9ler toute la texture des radiatori AUROH. Radiatori AUROH aux courgettes auroh courgette Une recette l\u00e9g\u00e8re et savoureuse, qui &hellip; <\/p>\n<p class=\"link-more\"><a href=\"https:\/\/auroh.be\/index.php\/recettes-et-infos\/\" class=\"more-link\">Read more<span class=\"screen-reader-text\"> &#8220;Recettes et Infos&#8221;<\/span><\/a><\/p>\n","protected":false},"author":1,"featured_media":0,"parent":0,"menu_order":0,"comment_status":"closed","ping_status":"closed","template":"","meta":{"inspiro_hide_title":false,"footnotes":""},"class_list":["post-126","page","type-page","status-publish","hentry"],"_links":{"self":[{"href":"https:\/\/auroh.be\/index.php\/wp-json\/wp\/v2\/pages\/126","targetHints":{"allow":["GET"]}}],"collection":[{"href":"https:\/\/auroh.be\/index.php\/wp-json\/wp\/v2\/pages"}],"about":[{"href":"https:\/\/auroh.be\/index.php\/wp-json\/wp\/v2\/types\/page"}],"author":[{"embeddable":true,"href":"https:\/\/auroh.be\/index.php\/wp-json\/wp\/v2\/users\/1"}],"replies":[{"embeddable":true,"href":"https:\/\/auroh.be\/index.php\/wp-json\/wp\/v2\/comments?post=126"}],"version-history":[{"count":2,"href":"https:\/\/auroh.be\/index.php\/wp-json\/wp\/v2\/pages\/126\/revisions"}],"predecessor-version":[{"id":184,"href":"https:\/\/auroh.be\/index.php\/wp-json\/wp\/v2\/pages\/126\/revisions\/184"}],"wp:attachment":[{"href":"https:\/\/auroh.be\/index.php\/wp-json\/wp\/v2\/media?parent=126"}],"curies":[{"name":"wp","href":"https:\/\/api.w.org\/{rel}","templated":true}]}}